{"id":8,"date":"2011-11-26T01:12:01","date_gmt":"2011-11-26T01:12:01","guid":{"rendered":"http:\/\/www.uzamku.com\/?page_id=8"},"modified":"2025-01-06T18:42:58","modified_gmt":"2025-01-06T18:42:58","slug":"kontakt","status":"publish","type":"page","link":"https:\/\/www.uzamku.com\/?page_id=8","title":{"rendered":"Kontakt"},"content":{"rendered":"\n<p class=\"has-text-color\" style=\"color:#e71111\"><\/p>\n\n\n\n<p class=\"has-text-color\" style=\"color:#e71111\">V\u00cdT HAVL\u00cd\u010cEK, Hradeck\u00e1 3, Str\u00e1\u017e nad Ne\u017e\u00e1rkou, 37802<br>Tel.: +420 605 168 546<br>email: info@uzamku.com           <strong><span style=\"color:#6d1d14\" class=\"tadv-color\"><\/span><\/strong><\/p>\n\n\n\n<p class=\"has-accent-color has-text-color\"><span class=\"tadv-color\" style=\"color:#186056\"><\/span><span class=\"tadv-color\" style=\"color:#186056\"><\/span><\/p>\n\n\n\n<iframe loading=\"lazy\" style=\"border:none\" src=\"https:\/\/frame.mapy.cz\/s\/jasajosopu\" width=\"100%\" height=\"400\" frameborder=\"0\"><\/iframe>\n\n\n\n<p><strong><span style=\"color:#6d1d14\" class=\"tadv-color\"><\/span><\/strong><\/p>\n\n\n\n<p><\/p>\n","protected":false},"excerpt":{"rendered":"<p>V\u00cdT HAVL\u00cd\u010cEK, Hradeck\u00e1 3, Str\u00e1\u017e nad Ne\u017e\u00e1rkou, 37802Tel.: +420 605 168 546email: info@uzamku.com<\/p>\n","protected":false},"author":53178,"featured_media":0,"parent":0,"menu_order":0,"comment_status":"closed","ping_status":"closed","template":"","meta":{"footnotes":""},"class_list":["post-8","page","type-page","status-publish","hentry","post-preview"],"_links":{"self":[{"href":"https:\/\/www.uzamku.com\/index.php?rest_route=\/wp\/v2\/pages\/8","targetHints":{"allow":["GET"]}}],"collection":[{"href":"https:\/\/www.uzamku.com\/index.php?rest_route=\/wp\/v2\/pages"}],"about":[{"href":"https:\/\/www.uzamku.com\/index.php?rest_route=\/wp\/v2\/types\/page"}],"author":[{"embeddable":true,"href":"https:\/\/www.uzamku.com\/index.php?rest_route=\/wp\/v2\/users\/53178"}],"replies":[{"embeddable":true,"href":"https:\/\/www.uzamku.com\/index.php?rest_route=%2Fwp%2Fv2%2Fcomments&post=8"}],"version-history":[{"count":56,"href":"https:\/\/www.uzamku.com\/index.php?rest_route=\/wp\/v2\/pages\/8\/revisions"}],"predecessor-version":[{"id":5081,"href":"https:\/\/www.uzamku.com\/index.php?rest_route=\/wp\/v2\/pages\/8\/revisions\/5081"}],"wp:attachment":[{"href":"https:\/\/www.uzamku.com\/index.php?rest_route=%2Fwp%2Fv2%2Fmedia&parent=8"}],"curies":[{"name":"wp","href":"https:\/\/api.w.org\/{rel}","templated":true}]}}