{"id":3944,"date":"2022-01-13T16:33:52","date_gmt":"2022-01-13T16:33:52","guid":{"rendered":"http:\/\/www.uzamku.com\/?page_id=3944"},"modified":"2026-03-15T11:21:26","modified_gmt":"2026-03-15T11:21:26","slug":"apartmany","status":"publish","type":"page","link":"https:\/\/www.uzamku.com\/","title":{"rendered":"Apartm\u00e1ny"},"content":{"rendered":"\n<p class=\"has-text-color has-link-color wp-elements-a4d6505987c7b5cf32b65585354c22ec\" style=\"color:#f41010\"><\/p>\n\n\n\n<div class=\"wp-block-columns is-layout-flex wp-container-core-columns-is-layout-9d6595d7 wp-block-columns-is-layout-flex\">\n<div class=\"wp-block-column is-layout-flow wp-block-column-is-layout-flow\">\n<p>Objekt ve kter\u00e9m se nyn\u00ed nach\u00e1z\u00ed 3 apartm\u00e1ny s celkovou maxim\u00e1ln\u00ed kapacitou    20 osob  d\u0159\u00edve pat\u0159il k z\u00e1mku Emy Destinov\u00e9 a jeho prostory byly vyu\u017e\u00edv\u00e1ny jako sou\u010d\u00e1st pivovaru.<\/p>\n\n\n\n<p>Najdete u n\u00e1s : <\/p>\n\n\n\n<p>prostorn\u00e9 apartm\u00e1ny o kter\u00e9 pe\u010dujeme, sezonn\u00ed baz\u00e9n s odpo\u010dinkov\u00fdm m\u00edstem, zast\u0159e\u0161enou terasu s posezen\u00edm, d\u011btsk\u00e9 h\u0159i\u0161t\u011b. Nov\u011b je k dispozici spole\u010densk\u00e1 m\u00edstnost s v\u00fd\u010depn\u00edm za\u0159\u00edzen\u00edm a k\u00e1vovarem, kter\u00e1 je v provozu od kv\u011btna do \u0159\u00edjna.<\/p>\n\n\n\n<p>V apartm\u00e1nu \u010d.2 a \u010d.3 byla nainstalov\u00e1na v lo\u017enic\u00edch klimatizace.<\/p>\n<\/div>\n<\/div>\n\n\n\n<p>Sna\u017e\u00edme se vyhov\u011bt p\u0159\u00e1n\u00edm a po\u017eadavk\u016fm na\u0161ich host\u016f.<\/p>\n\n\n\n<p>Douf\u00e1me, \u017ee se V\u00e1m u n\u00e1s bude l\u00edbit a my ud\u011bl\u00e1me v\u0161e pro to aby jste byli spokojen\u00ed.<\/p>\n\n\n\n<h2 class=\"wp-block-heading\" id=\"prizemi\">P\u0159\u00edzem\u00ed<\/h2>\n\n\n\n<ul class=\"wp-block-list\">\n<li><a href=\"http:\/\/www.uzamku.com\/?page_id=3896\" title=\"Bezbari\u00e9rov\u00fd apartm\u00e1n \u010d. 1\">Bezbari\u00e9rov\u00fd apartm\u00e1n \u010d. 1<\/a><\/li>\n<\/ul>\n\n\n\n<h2 class=\"wp-block-heading\">1. Patro<\/h2>\n\n\n\n<ul class=\"wp-block-list\">\n<li><a href=\"http:\/\/www.uzamku.com\/?page_id=3913\" title=\"Apartm\u00e1n \u010d. 2\u2028\">Apartm\u00e1n \u010d. 2<\/a><\/li>\n\n\n\n<li><a href=\"http:\/\/www.uzamku.com\/?page_id=3924\" title=\"Apartm\u00e1n \u010d. 3\">Apartm\u00e1n \u010d. 3<\/a><\/li>\n<\/ul>\n\n\n\n<p class=\"has-text-align-center\">Ceny ji\u017e od 350,-K\u010d\/ noc.<br>Kola m\u016f\u017eete parkovat na m\u00edst\u011b v uzamykateln\u00e9m sklep\u011b.<br>Check-in od 14:00 do 22:00<br>Check-out od 7:00 do 10:00<\/p>\n\n\n\n<div class=\"wp-block-media-text alignwide has-media-on-the-right is-stacked-on-mobile\"><div class=\"wp-block-media-text__content\">\n<div class=\"wp-block-group\"><div class=\"wp-block-group__inner-container is-layout-flow wp-block-group-is-layout-flow\"><\/div><\/div>\n<\/div><figure class=\"wp-block-media-text__media\"><img decoding=\"async\" src=\"http:\/\/www.uzamku.com\/wp-content\/uploads\/baza\u0304n.jpg\" alt=\"\" class=\"wp-image-3947 size-full\"\/><\/figure><\/div>\n\n\n\n<p class=\"has-text-align-center\">Informace o obsazenosti r\u00e1di zodpov\u00edme na info@uzamku.com nebo 605 168 546.<\/p>\n\n\n\n<p class=\"has-text-align-center\"><strong>Pros\u00edme ubytovan\u00e9 o dodr\u017eov\u00e1n\u00ed no\u010dn\u00edho klidu od 22:00 \u2013 07:00.<\/strong><\/p>\n","protected":false},"excerpt":{"rendered":"<p>Objekt ve kter\u00e9m se nyn\u00ed nach\u00e1z\u00ed 3 apartm\u00e1ny s celkovou maxim\u00e1ln\u00ed kapacitou 20 osob d\u0159\u00edve pat\u0159il k z\u00e1mku Emy Destinov\u00e9 a jeho prostory byly vyu\u017e\u00edv\u00e1ny jako sou\u010d\u00e1st pivovaru. Najdete u n\u00e1s : prostorn\u00e9 apartm\u00e1ny o kter\u00e9 pe\u010dujeme, sezonn\u00ed baz\u00e9n s odpo\u010dinkov\u00fdm m\u00edstem, zast\u0159e\u0161enou terasu s posezen\u00edm, d\u011btsk\u00e9 h\u0159i\u0161t\u011b. Nov\u011b je k dispozici spole\u010densk\u00e1 m\u00edstnost s [&hellip;]<\/p>\n","protected":false},"author":53178,"featured_media":0,"parent":0,"menu_order":0,"comment_status":"closed","ping_status":"closed","template":"","meta":{"footnotes":""},"class_list":["post-3944","page","type-page","status-publish","hentry","post-preview"],"_links":{"self":[{"href":"https:\/\/www.uzamku.com\/index.php?rest_route=\/wp\/v2\/pages\/3944","targetHints":{"allow":["GET"]}}],"collection":[{"href":"https:\/\/www.uzamku.com\/index.php?rest_route=\/wp\/v2\/pages"}],"about":[{"href":"https:\/\/www.uzamku.com\/index.php?rest_route=\/wp\/v2\/types\/page"}],"author":[{"embeddable":true,"href":"https:\/\/www.uzamku.com\/index.php?rest_route=\/wp\/v2\/users\/53178"}],"replies":[{"embeddable":true,"href":"https:\/\/www.uzamku.com\/index.php?rest_route=%2Fwp%2Fv2%2Fcomments&post=3944"}],"version-history":[{"count":61,"href":"https:\/\/www.uzamku.com\/index.php?rest_route=\/wp\/v2\/pages\/3944\/revisions"}],"predecessor-version":[{"id":5457,"href":"https:\/\/www.uzamku.com\/index.php?rest_route=\/wp\/v2\/pages\/3944\/revisions\/5457"}],"wp:attachment":[{"href":"https:\/\/www.uzamku.com\/index.php?rest_route=%2Fwp%2Fv2%2Fmedia&parent=3944"}],"curies":[{"name":"wp","href":"https:\/\/api.w.org\/{rel}","templated":true}]}}