{"id":14,"date":"2011-11-26T01:11:38","date_gmt":"2011-11-26T01:11:38","guid":{"rendered":"http:\/\/www.uzamku.com\/?page_id=14"},"modified":"2026-02-23T09:09:45","modified_gmt":"2026-02-23T09:09:45","slug":"cenik","status":"publish","type":"page","link":"https:\/\/www.uzamku.com\/?page_id=14","title":{"rendered":"Cen\u00edk"},"content":{"rendered":"<p><span style=\"color: #0000ff;\"><strong>Apartm\u00e1ny u z\u00e1mku\u00a0 \u00a0<\/strong><\/span><\/p>\n<ul>\n<li><strong>mimosezona APARTM\u00c1N \u010d.1 a \u010d.2<\/strong><\/li>\n<li>700,-K\u010d osoba \/ noc \u2013 2 a v\u00edce osob na apartm\u00e1nu jedna noc<\/li>\n<li>550,- K\u010d osoba \/ noc\u00a0 \u2013 2 osoby minim\u00e1ln\u011b 2 noci<\/li>\n<li>500,- K\u010d osoba \/ noc\u00a0 \u2013 3 osoby minim\u00e1ln\u011b 2 noci<\/li>\n<li>400,-K\u010d osoba \/ noc \u2013\u00a0 4 osoby minim\u00e1ln\u011b 2 noci<\/li>\n<li>350,-K\u010d osoba \/ noc \u2013\u00a0 5 \u2013 6 osob minim\u00e1ln\u011b 2 noci<\/li>\n<li><strong>APARTM\u00c1N \u010d. 3 na str\u00e1nce apartm\u00e1nu<\/strong><\/li>\n<\/ul>\n<ul>\n<li><strong>sezona<\/strong>\n<ul>\n<li>cena za apartm\u00e1n \u010d.1 a \u010d.2 do 4 osob 1800 K\u010d\/den T\u00ddDENN\u00cd POBYT<\/li>\n<li>dal\u0161\u00ed osoba 250,-K\u010d<\/li>\n<li>cena za apartm\u00e1n \u010d.3 do 4 osob 2000 K\u010d\/den T\u00ddDENN\u00cd POBYT<\/li>\n<li>dal\u0161\u00ed osoba 250,-K\u010d<\/li>\n<li>krat\u0161\u00ed ne\u017e t\u00fddenn\u00ed pobyt + 150,-K\u010d osoba-pobyt.<\/li>\n<\/ul>\n<\/li>\n<li><strong>pron\u00e1jem cel\u00e9ho objektu<\/strong> do dvaceti osob<\/li>\n<li>cena 7000 K\u010d \/ noc &#8211; 2 a v\u00edce noc\u00ed<\/li>\n<li>dal\u0161\u00ed osoba 250 K\u010d \/ noc<\/li>\n<li>Informace o obsazenosti r\u00e1di zodpov\u00edme na e-mailu : info@uzamku.com, nebo na tel.:605168546<\/li>\n<\/ul>\n<p>POPLATEK ZA PSA po dohod\u011b\u00a0 50,-K\u010d\/NOC<\/p>\n<p><strong>Z\u00e1vazn\u00e1 rezervace = 50% z\u00e1loha &#8211; je vratn\u00e1 bez ud\u00e1n\u00ed d\u016fvodu 60 dn\u00ed p\u0159ed p\u0159\u00edjezdem, nebo z d\u016fvodu na\u0159\u00edzen\u00ed vl\u00e1dy o ubytovac\u00edch slu\u017eb\u00e1ch.<br \/>\n<\/strong><\/p>\n<p>&#8212;&#8212;&#8212;&#8212;&#8212;&#8212;&#8212;&#8212;&#8212;&#8212;&#8212;&#8212;&#8212;&#8212;&#8212;&#8212;&#8212;&#8212;&#8212;&#8212;&#8212;&#8212;&#8212;&#8212;&#8212;&#8212;&#8212;&#8212;&#8212;&#8212;&#8212;&#8212;&#8212;&#8212;<\/p>\n<p><strong><span style=\"color: #0000ff;\">Chata<br \/>\n<\/span><\/strong><\/p>\n<ul>\n<li>\u00a0<strong>mimosezona<\/strong>\n<ul>\n<li>DO 4 OSOB 2000 K\u010d \/ den &#8211;\u00a0 2 a v\u00edce dn\u00ed<\/li>\n<li>5 &#8211; 7 OSOB 2200 K\u010d \/ den &#8211; 2 a v\u00edce dn\u00ed<\/li>\n<\/ul>\n<\/li>\n<li><strong>sezona<\/strong>\n<ul>\n<li>2200 K\u010d \/ den &#8211; t\u00fddenn\u00ed pobyt<strong><br \/>\n<\/strong><\/li>\n<\/ul>\n<\/li>\n<\/ul>\n<div>Poplatek za povle\u010den\u00ed 100 K\u010d \/ osoba \/ pobyt<\/div>\n<div>Poplatek za psa 50,-K\u010d \/noc<\/div>\n<div><\/div>\n<div><strong>Z\u00e1vazn\u00e1 rezervace = 50% z\u00e1loha &#8211; je vratn\u00e1 bez ud\u00e1n\u00ed d\u016fvodu 60 dn\u00ed p\u0159ed p\u0159\u00edjezdem, nebo z d\u016fvodu na\u0159\u00edzen\u00ed vl\u00e1dy o ubytovac\u00edch slu\u017eb\u00e1ch.<br \/>\n<\/strong><\/div>\n","protected":false},"excerpt":{"rendered":"<p>Apartm\u00e1ny u z\u00e1mku\u00a0 \u00a0 mimosezona APARTM\u00c1N \u010d.1 a \u010d.2 700,-K\u010d osoba \/ noc \u2013 2 a v\u00edce osob na apartm\u00e1nu jedna noc 550,- K\u010d osoba \/ noc\u00a0 \u2013 2 osoby minim\u00e1ln\u011b 2 noci 500,- K\u010d osoba \/ noc\u00a0 \u2013 3 osoby minim\u00e1ln\u011b 2 noci 400,-K\u010d osoba \/ noc \u2013\u00a0 4 osoby minim\u00e1ln\u011b 2 noci 350,-K\u010d [&hellip;]<\/p>\n","protected":false},"author":53178,"featured_media":0,"parent":0,"menu_order":0,"comment_status":"closed","ping_status":"closed","template":"","meta":{"footnotes":""},"class_list":["post-14","page","type-page","status-publish","hentry","post-preview"],"_links":{"self":[{"href":"https:\/\/www.uzamku.com\/index.php?rest_route=\/wp\/v2\/pages\/14","targetHints":{"allow":["GET"]}}],"collection":[{"href":"https:\/\/www.uzamku.com\/index.php?rest_route=\/wp\/v2\/pages"}],"about":[{"href":"https:\/\/www.uzamku.com\/index.php?rest_route=\/wp\/v2\/types\/page"}],"author":[{"embeddable":true,"href":"https:\/\/www.uzamku.com\/index.php?rest_route=\/wp\/v2\/users\/53178"}],"replies":[{"embeddable":true,"href":"https:\/\/www.uzamku.com\/index.php?rest_route=%2Fwp%2Fv2%2Fcomments&post=14"}],"version-history":[{"count":121,"href":"https:\/\/www.uzamku.com\/index.php?rest_route=\/wp\/v2\/pages\/14\/revisions"}],"predecessor-version":[{"id":5439,"href":"https:\/\/www.uzamku.com\/index.php?rest_route=\/wp\/v2\/pages\/14\/revisions\/5439"}],"wp:attachment":[{"href":"https:\/\/www.uzamku.com\/index.php?rest_route=%2Fwp%2Fv2%2Fmedia&parent=14"}],"curies":[{"name":"wp","href":"https:\/\/api.w.org\/{rel}","templated":true}]}}